{"id":4091,"date":"2019-08-26T23:42:38","date_gmt":"2019-08-26T21:42:38","guid":{"rendered":"http:\/\/www.pastisseriespomar.es\/?page_id=4091"},"modified":"2019-08-26T23:45:09","modified_gmt":"2019-08-26T21:45:09","slug":"maria","status":"publish","type":"page","link":"http:\/\/www.pastisseriespomar.es\/ca\/maria\/","title":{"rendered":"Maria"},"content":{"rendered":"<p>Per a una persona a qui li agrada el dol\u00e7 com en el meu cas, Can Pomar \u00e9s una mena de parad\u00eds.<\/p>","protected":false},"excerpt":{"rendered":"<p>Per a una persona a qui li agrada el dol\u00e7 com en el meu cas, Can Pomar \u00e9s una mena de parad\u00eds.<\/p>","protected":false},"author":1,"featured_media":4092,"parent":0,"menu_order":0,"comment_status":"closed","ping_status":"closed","template":"","meta":[],"_links":{"self":[{"href":"http:\/\/www.pastisseriespomar.es\/ca\/wp-json\/wp\/v2\/pages\/4091"}],"collection":[{"href":"http:\/\/www.pastisseriespomar.es\/ca\/wp-json\/wp\/v2\/pages"}],"about":[{"href":"http:\/\/www.pastisseriespomar.es\/ca\/wp-json\/wp\/v2\/types\/page"}],"author":[{"embeddable":true,"href":"http:\/\/www.pastisseriespomar.es\/ca\/wp-json\/wp\/v2\/users\/1"}],"replies":[{"embeddable":true,"href":"http:\/\/www.pastisseriespomar.es\/ca\/wp-json\/wp\/v2\/comments?post=4091"}],"version-history":[{"count":2,"href":"http:\/\/www.pastisseriespomar.es\/ca\/wp-json\/wp\/v2\/pages\/4091\/revisions"}],"predecessor-version":[{"id":4095,"href":"http:\/\/www.pastisseriespomar.es\/ca\/wp-json\/wp\/v2\/pages\/4091\/revisions\/4095"}],"wp:featuredmedia":[{"embeddable":true,"href":"http:\/\/www.pastisseriespomar.es\/ca\/wp-json\/wp\/v2\/media\/4092"}],"wp:attachment":[{"href":"http:\/\/www.pastisseriespomar.es\/ca\/wp-json\/wp\/v2\/media?parent=4091"}],"curies":[{"name":"wp","href":"https:\/\/api.w.org\/{rel}","templated":true}]}}